{"id":206,"date":"2023-05-28T11:07:21","date_gmt":"2023-05-28T09:07:21","guid":{"rendered":"http:\/\/michalpankiewicz.pl\/kancelaria\/"},"modified":"2023-08-18T18:24:37","modified_gmt":"2023-08-18T16:24:37","slug":"law-firm","status":"publish","type":"page","link":"https:\/\/michalpankiewicz.pl\/en\/law-firm\/","title":{"rendered":"Law Firm"},"content":{"rendered":"","protected":false},"excerpt":{"rendered":"","protected":false},"author":2,"featured_media":193,"parent":0,"menu_order":0,"comment_status":"closed","ping_status":"closed","template":"about-page.php","meta":{"inline_featured_image":false},"class_list":["post-206","page","type-page","status-publish","has-post-thumbnail","hentry"],"acf":[],"yoast_head":"<!-- This site is optimized with the Yoast SEO plugin v21.2 - https:\/\/yoast.com\/wordpress\/plugins\/seo\/ -->\n<title>Law Firm - Micha\u0142 Pankiewicz &amp; Wsp\u00f3\u0142pracownicy Kancelaria Prawna<\/title>\n<meta name=\"robots\" content=\"index, follow, max-snippet:-1, max-image-preview:large, max-video-preview:-1\" \/>\n<link rel=\"canonical\" href=\"https:\/\/michalpankiewicz.pl\/kancelaria\/\" \/>\n<meta property=\"og:locale\" content=\"en_US\" \/>\n<meta property=\"og:type\" content=\"article\" \/>\n<meta property=\"og:title\" content=\"Law Firm - Micha\u0142 Pankiewicz &amp; Wsp\u00f3\u0142pracownicy Kancelaria Prawna\" \/>\n<meta property=\"og:url\" content=\"https:\/\/michalpankiewicz.pl\/kancelaria\/\" \/>\n<meta property=\"og:site_name\" content=\"Micha\u0142 Pankiewicz &amp; Wsp\u00f3\u0142pracownicy Kancelaria Prawna\" \/>\n<meta property=\"article:modified_time\" content=\"2023-08-18T16:24:37+00:00\" \/>\n<meta property=\"og:image\" content=\"https:\/\/michalpankiewicz.pl\/wp-content\/uploads\/2023\/06\/banner_image.jpg\" \/>\n\t<meta property=\"og:image:width\" content=\"1920\" \/>\n\t<meta property=\"og:image:height\" content=\"200\" \/>\n\t<meta property=\"og:image:type\" content=\"image\/jpeg\" \/>\n<meta name=\"twitter:card\" content=\"summary_large_image\" \/>\n<!-- \/ Yoast SEO plugin. -->","yoast_head_json":{"title":"Law Firm - Micha\u0142 Pankiewicz &amp; Wsp\u00f3\u0142pracownicy Kancelaria Prawna","robots":{"index":"index","follow":"follow","max-snippet":"max-snippet:-1","max-image-preview":"max-image-preview:large","max-video-preview":"max-video-preview:-1"},"canonical":"https:\/\/michalpankiewicz.pl\/kancelaria\/","og_locale":"en_US","og_type":"article","og_title":"Law Firm - Micha\u0142 Pankiewicz &amp; Wsp\u00f3\u0142pracownicy Kancelaria Prawna","og_url":"https:\/\/michalpankiewicz.pl\/kancelaria\/","og_site_name":"Micha\u0142 Pankiewicz &amp; Wsp\u00f3\u0142pracownicy Kancelaria Prawna","article_modified_time":"2023-08-18T16:24:37+00:00","og_image":[{"width":1920,"height":200,"url":"https:\/\/michalpankiewicz.pl\/wp-content\/uploads\/2023\/06\/banner_image.jpg","type":"image\/jpeg"}],"twitter_card":"summary_large_image","schema":{"@context":"https:\/\/schema.org","@graph":[{"@type":"WebPage","@id":"https:\/\/michalpankiewicz.pl\/kancelaria\/","url":"https:\/\/michalpankiewicz.pl\/kancelaria\/","name":"Law Firm - Micha\u0142 Pankiewicz &amp; Wsp\u00f3\u0142pracownicy Kancelaria Prawna","isPartOf":{"@id":"https:\/\/michalpankiewicz.pl\/#website"},"datePublished":"2023-05-28T09:07:21+00:00","dateModified":"2023-08-18T16:24:37+00:00","breadcrumb":{"@id":"https:\/\/michalpankiewicz.pl\/kancelaria\/#breadcrumb"},"inLanguage":"en-US","potentialAction":[{"@type":"ReadAction","target":["https:\/\/michalpankiewicz.pl\/kancelaria\/"]}]},{"@type":"BreadcrumbList","@id":"https:\/\/michalpankiewicz.pl\/kancelaria\/#breadcrumb","itemListElement":[{"@type":"ListItem","position":1,"name":"Strona g\u0142\u00f3wna","item":"https:\/\/michalpankiewicz.pl\/"},{"@type":"ListItem","position":2,"name":"Law Firm"}]},{"@type":"WebSite","@id":"https:\/\/michalpankiewicz.pl\/#website","url":"https:\/\/michalpankiewicz.pl\/","name":"Micha\u0142 Pankiewicz &amp; Wsp\u00f3\u0142pracownicy Kancelaria Prawna","description":"","publisher":{"@id":"https:\/\/michalpankiewicz.pl\/#organization"},"potentialAction":[{"@type":"SearchAction","target":{"@type":"EntryPoint","urlTemplate":"https:\/\/michalpankiewicz.pl\/?s={search_term_string}"},"query-input":"required name=search_term_string"}],"inLanguage":"en-US"},{"@type":"Organization","@id":"https:\/\/michalpankiewicz.pl\/#organization","name":"Micha\u0142 Pankiewicz &amp; Wsp\u00f3\u0142pracownicy Kancelaria Prawna","url":"https:\/\/michalpankiewicz.pl\/","logo":{"@type":"ImageObject","inLanguage":"en-US","@id":"https:\/\/michalpankiewicz.pl\/#\/schema\/logo\/image\/","url":"https:\/\/michalpankiewicz.pl\/wp-content\/uploads\/2023\/04\/header_logo.svg","contentUrl":"https:\/\/michalpankiewicz.pl\/wp-content\/uploads\/2023\/04\/header_logo.svg","width":300,"height":50,"caption":"Micha\u0142 Pankiewicz &amp; Wsp\u00f3\u0142pracownicy Kancelaria Prawna"},"image":{"@id":"https:\/\/michalpankiewicz.pl\/#\/schema\/logo\/image\/"}}]}},"_links":{"self":[{"href":"https:\/\/michalpankiewicz.pl\/en\/wp-json\/wp\/v2\/pages\/206","targetHints":{"allow":["GET"]}}],"collection":[{"href":"https:\/\/michalpankiewicz.pl\/en\/wp-json\/wp\/v2\/pages"}],"about":[{"href":"https:\/\/michalpankiewicz.pl\/en\/wp-json\/wp\/v2\/types\/page"}],"author":[{"embeddable":true,"href":"https:\/\/michalpankiewicz.pl\/en\/wp-json\/wp\/v2\/users\/2"}],"replies":[{"embeddable":true,"href":"https:\/\/michalpankiewicz.pl\/en\/wp-json\/wp\/v2\/comments?post=206"}],"version-history":[{"count":10,"href":"https:\/\/michalpankiewicz.pl\/en\/wp-json\/wp\/v2\/pages\/206\/revisions"}],"predecessor-version":[{"id":364,"href":"https:\/\/michalpankiewicz.pl\/en\/wp-json\/wp\/v2\/pages\/206\/revisions\/364"}],"wp:featuredmedia":[{"embeddable":true,"href":"https:\/\/michalpankiewicz.pl\/en\/wp-json\/wp\/v2\/media\/193"}],"wp:attachment":[{"href":"https:\/\/michalpankiewicz.pl\/en\/wp-json\/wp\/v2\/media?parent=206"}],"curies":[{"name":"wp","href":"https:\/\/api.w.org\/{rel}","templated":true}]}}